{"id":1738,"date":"2018-07-10T20:50:05","date_gmt":"2018-07-10T17:50:05","guid":{"rendered":"http:\/\/localhost\/dashboard\/wordpress\/?page_id=1738"},"modified":"2022-11-02T13:49:58","modified_gmt":"2022-11-02T10:49:58","slug":"pvd-titanyum-kaplama-2","status":"publish","type":"page","link":"https:\/\/www.alnometal.com\/en\/pvd-titanyum-kaplama-2\/","title":{"rendered":"PDV Coating"},"content":{"rendered":"<h2>ALNO METAL AND PVD COATING<\/h2>\n<p>Our company, which is open to innovation and closely follows the developing technologies, took the first step in the PVD coating sector in 2017. <strong>3 pieces<\/strong> with the latest technology PVD machine <strong>300cm tall<\/strong> and <strong>190cm in diameter<\/strong> We have product coating capacity. in 2019 <strong>4. Our coating machine<\/strong> and we have acquired our new ultrasonic cleaning line. We are at your service with our machines with ARK Coating technology and Magnetron Coating technology.<\/p>\n<h3>WHAT IS PVD COATING?<\/h3>\n<p>Physical Vapor Deposition (FBB) is the process of atomizing or evaporating a solid source under vacuum and depositing this material on the substrate to form a coating. The parts in the vacuum chamber to be coated are first heated and then ionized by bombardment with argon ions, thus creating a pure and clean metal surface free from any atomic contamination. Coating can be done at low temperatures without affecting the properties of hard metal and high-speed steels. It is healthier and more durable than conventional coating techniques.<\/p>\n<p><strong>Properties of Coatings Made with PVD Technique\u00a0<\/strong><\/p>\n<ul>\n<li>Clean, glossy appearance when applied to a polished surface<\/li>\n<li>Smooth, matte appearance when applied to a matte surface<\/li>\n<li>Complex geometric parts can be coated with rotating mechanisms with homogeneous properties.<\/li>\n<li>It is suitable for small, complex parts such as medical devices, watch parts, micro instruments.<\/li>\n<li>Due to the thinness of the coating ((1-5 \u00b5M) dimensional changes are minimal<\/li>\n<li>It is resistant to damage caused by salt and other corrosive substances.<\/li>\n<li>It offers a scratch-resistant, long-lasting, hard exterior. It does not impair the sharpness of corners and sharp ends.<\/li>\n<li>The process of applying the PVD coating is completely environmentally friendly.<\/li>\n<li>Heat treated tool steels can be coated between 180-1600 C and there is no loss of hardness in the parts<\/li>\n<li>Very high adhesion forces occur in the coated layers and do not spill from the surface.<\/li>\n<li>It has a densely textured crystal layer structure.<\/li>\n<li>Tools and molds can be recoated after sharpening.<\/li>\n<li>Coatings can be removed and re-coated<\/li>\n<\/ul>\n<h3>COLOR GALLERY<\/h3>\n<p><span style=\"color: revert; font-size: revert;\">KITCHEN AND BATH<\/span><\/p>\n<p>We help you create your own personal look from many options for kitchen and bathroom designs.<\/p>\n<ul>\n<li>sink<\/li>\n<li>Armature<\/li>\n<li>your towel<\/li>\n<li>Glass Hardware<\/li>\n<li>Pot, Pan, Fork, Spoon, Knife<\/li>\n<li>Jacuzzi and Shower Cabin Equipment<\/li>\n<\/ul>\n<p><strong>YACHT AND SHIPPING<\/strong><\/p>\n<p>We offer the perfect look and design by applying jewel quality finishes.<\/p>\n<ul>\n<li>Railing<\/li>\n<li>porthole<\/li>\n<li>Interior and Exterior Hardware<\/li>\n<\/ul>\n<h3>FURNITURE<\/h3>\n<p>In addition to its excellent appearance, its resistance to scratching and abrasion makes it preferred in aesthetic and decorative applications with different color options.<\/p>\n<ul>\n<li>Door and Elevator<\/li>\n<li>Casinos<\/li>\n<li>palaces<\/li>\n<li>Stores and Malls<\/li>\n<li>Hotels<\/li>\n<\/ul>\n<p><strong>CERAMIC AND PROCEDURES<\/strong><\/p>\n<p>We bring a different perspective to the projects with its easier to clean and luxurious appearance in kitchen and bathroom projects.<\/p>\n<h3>MEDICAL<\/h3>\n<p>Our biocompatible and FDA approved antibacterial coatings adhere to the substrate, providing hardness and lubricity. It minimizes reflection in surgical operations under high light.<\/p>\n<ul>\n<li>Medical Parts<\/li>\n<li>Medical Stents<\/li>\n<li>Filters<\/li>\n<li>Surgical and Dental Instruments<\/li>\n<li>Orthopedic and Dental Implants<\/li>\n<li>screw<strong style=\"font-size: revert; color: initial;\">CUTTING TOOLS<\/strong><\/li>\n<\/ul>\n<p>Our coatings save overall machining costs as they allow high cutting speeds and feeds and reduce the time required for tool change due to long tool life.<\/p>\n<p><strong>LIGHTING AND TECHNOLOGICAL TOOLS<\/strong><\/p>\n<p>We offer different alternatives with aesthetic appearance, high strength and scratch resistance.<\/p>\n<ul>\n<li>Lampshade<\/li>\n<li>Armature<\/li>\n<li>chandeliers<\/li>\n<li>Golf Club<\/li>\n<li>Cooking utensils<\/li>\n<li>Mobile phones<\/li>\n<li>Earphones<\/li>\n<\/ul>\n<p>OTHER SECTORS<\/p>\n<ul>\n<li>Glasses<\/li>\n<li>Weapon<\/li>\n<li>Gem<\/li>\n<li>Pine<\/li>\n<li>Hand Athletes<\/li>\n<li>Door Locks\u2026<\/li>\n<\/ul>","protected":false},"excerpt":{"rendered":"ALNO METAL VE PVD KAPLAMA Yenili\u011fe a\u00e7\u0131k, geli\u015fen teknolojileri yak\u0131ndan takip eden firmam\u0131z 2017 y\u0131l\u0131nda PVD kaplama sekt\u00f6r\u00fcne ilk ad\u0131m\u0131 att\u0131. 3 adet son teknoloji PVD makinesi ile 300cm boyunda ve 190cm \u00e7ap\u0131nda \u00fcr\u00fcn kaplama kapasitesine sahibiz . 2019 y\u0131l\u0131nda 4. kaplama makinemizi ve yeni ultrasonik temizleme hatt\u0131m\u0131z\u0131 b\u00fcnyemize katt\u0131k. ARK Kaplama teknolojili ve Magnetron","protected":false},"author":1,"featured_media":0,"parent":0,"menu_order":0,"comment_status":"closed","ping_status":"closed","template":"","meta":{"_monsterinsights_skip_tracking":false,"_monsterinsights_sitenote_active":false,"_monsterinsights_sitenote_note":"","_monsterinsights_sitenote_category":0},"_links":{"self":[{"href":"https:\/\/www.alnometal.com\/en\/wp-json\/wp\/v2\/pages\/1738"}],"collection":[{"href":"https:\/\/www.alnometal.com\/en\/wp-json\/wp\/v2\/pages"}],"about":[{"href":"https:\/\/www.alnometal.com\/en\/wp-json\/wp\/v2\/types\/page"}],"author":[{"embeddable":true,"href":"https:\/\/www.alnometal.com\/en\/wp-json\/wp\/v2\/users\/1"}],"replies":[{"embeddable":true,"href":"https:\/\/www.alnometal.com\/en\/wp-json\/wp\/v2\/comments?post=1738"}],"version-history":[{"count":57,"href":"https:\/\/www.alnometal.com\/en\/wp-json\/wp\/v2\/pages\/1738\/revisions"}],"predecessor-version":[{"id":3412,"href":"https:\/\/www.alnometal.com\/en\/wp-json\/wp\/v2\/pages\/1738\/revisions\/3412"}],"wp:attachment":[{"href":"https:\/\/www.alnometal.com\/en\/wp-json\/wp\/v2\/media?parent=1738"}],"curies":[{"name":"wp","href":"https:\/\/api.w.org\/{rel}","templated":true}]}}