{"id":1739,"date":"2018-07-10T20:50:05","date_gmt":"2018-07-10T17:50:05","guid":{"rendered":"http:\/\/localhost\/dashboard\/wordpress\/?page_id=1739"},"modified":"2019-12-03T15:06:46","modified_gmt":"2019-12-03T12:06:46","slug":"dekoratif-kaplamalar","status":"publish","type":"page","link":"https:\/\/www.alnometal.com\/en\/dekoratif-kaplamalar\/","title":{"rendered":"dekoratif kaplamalar"},"content":{"rendered":"<p>[vc_row][vc_column][vc_column_text]1990 y\u0131l\u0131ndan beri kaplama sekt\u00f6r\u00fcnde \u00f6nder olan firmam\u0131z geli\u015fen ve\u00a0geli\u015fmeye devam eden \u00fcretim teknolojisi ile sizlere hizmet vermektedir.<\/p>\n<p>M\u00fc\u015fterilerimizden gelen talepler do\u011frultusunda at\u0131l\u0131mlar\u0131m\u0131z\u0131 yapm\u0131\u015f bulunmaktay\u0131z.<\/p>\n<p>\u0130ki adet otomatik kaplama tesisimizle al\u00fcminyum \u00fczeri nikel(kromaj) ve\u00a0 demir, pirin\u00e7, bak\u0131r, zamak gibi malzemeler \u00fczerine nikel, satine nikel, krom,saten krom(mat krom) ve bak\u0131r krom kaplamalar\u0131 m\u00fc\u015fterilerimize sunuyoruz.[\/vc_column_text][\/vc_column][\/vc_row][vc_row][vc_column][vc_media_grid element_width=&#8221;3&#8243; gap=&#8221;30&#8243; grid_id=&#8221;vc_gid:1575374773484-b85086b6-c741-5&#8243; include=&#8221;2666,2667,2662,2661&#8243; el_id=&#8221;metal kromaj&#8221; el_class=&#8221;nikel krom kaplama&#8221; css=&#8221;.vc_custom_1575374667248{margin-right: 30px !important;margin-left: 30px !important;}&#8221;][vc_media_grid element_width=&#8221;3&#8243; gap=&#8221;30&#8243; grid_id=&#8221;vc_gid:1575374773485-3b88da8d-9316-6&#8243; include=&#8221;2658,2659,2660,2657&#8243; css=&#8221;.vc_custom_1575374704064{margin-right: 30px !important;margin-left: 30px !important;}&#8221;][vc_media_grid element_width=&#8221;3&#8243; gap=&#8221;30&#8243; grid_id=&#8221;vc_gid:1575374773490-d9342c95-8733-6&#8243; include=&#8221;2130,2133,2136,2138&#8243; el_id=&#8221;nikel kaplama&#8221; el_class=&#8221;krom kaplama&#8221; css=&#8221;.vc_custom_1575374804830{margin-right: 30px !important;margin-left: 30px !important;}&#8221;][vc_column_text][embedyt] https:\/\/www.youtube.com\/embed?listType=playlist&amp;list=UUqpzMps2L6VpnCqxwjt6qJA&amp;layout=gallery[\/embedyt][\/vc_column_text][\/vc_column][\/vc_row]<\/p>","protected":false},"excerpt":{"rendered":"[vc_row][vc_column][vc_column_text]1990 y\u0131l\u0131ndan beri kaplama sekt\u00f6r\u00fcnde \u00f6nder olan firmam\u0131z geli\u015fen ve\u00a0geli\u015fmeye devam eden \u00fcretim teknolojisi ile sizlere hizmet vermektedir. M\u00fc\u015fterilerimizden gelen talepler do\u011frultusunda at\u0131l\u0131mlar\u0131m\u0131z\u0131 yapm\u0131\u015f bulunmaktay\u0131z. \u0130ki adet otomatik kaplama tesisimizle al\u00fcminyum \u00fczeri nikel(kromaj) ve\u00a0 demir, pirin\u00e7, bak\u0131r, zamak gibi malzemeler \u00fczerine nikel, satine nikel, krom,saten krom(mat krom) ve bak\u0131r krom kaplamalar\u0131 m\u00fc\u015fterilerimize sunuyoruz.[\/vc_column_text][\/vc_column][\/vc_row][vc_row][vc_column][vc_media_grid element_width=&#8221;3&#8243; gap=&#8221;30&#8243;","protected":false},"author":1,"featured_media":0,"parent":0,"menu_order":0,"comment_status":"closed","ping_status":"closed","template":"","meta":{"_monsterinsights_skip_tracking":false,"_monsterinsights_sitenote_active":false,"_monsterinsights_sitenote_note":"","_monsterinsights_sitenote_category":0},"_links":{"self":[{"href":"https:\/\/www.alnometal.com\/en\/wp-json\/wp\/v2\/pages\/1739"}],"collection":[{"href":"https:\/\/www.alnometal.com\/en\/wp-json\/wp\/v2\/pages"}],"about":[{"href":"https:\/\/www.alnometal.com\/en\/wp-json\/wp\/v2\/types\/page"}],"author":[{"embeddable":true,"href":"https:\/\/www.alnometal.com\/en\/wp-json\/wp\/v2\/users\/1"}],"replies":[{"embeddable":true,"href":"https:\/\/www.alnometal.com\/en\/wp-json\/wp\/v2\/comments?post=1739"}],"version-history":[{"count":20,"href":"https:\/\/www.alnometal.com\/en\/wp-json\/wp\/v2\/pages\/1739\/revisions"}],"predecessor-version":[{"id":2770,"href":"https:\/\/www.alnometal.com\/en\/wp-json\/wp\/v2\/pages\/1739\/revisions\/2770"}],"wp:attachment":[{"href":"https:\/\/www.alnometal.com\/en\/wp-json\/wp\/v2\/media?parent=1739"}],"curies":[{"name":"wp","href":"https:\/\/api.w.org\/{rel}","templated":true}]}}