{"id":1740,"date":"2018-07-10T20:50:05","date_gmt":"2018-07-10T17:50:05","guid":{"rendered":"http:\/\/localhost\/dashboard\/wordpress\/?page_id=1740"},"modified":"2022-09-09T12:28:14","modified_gmt":"2022-09-09T09:28:14","slug":"imalat","status":"publish","type":"page","link":"https:\/\/www.alnometal.com\/en\/imalat\/","title":{"rendered":"imalat"},"content":{"rendered":"<div class=\"wp-container-11 wp-block-columns\">\n<div class=\"wp-container-1 wp-block-column has-white-color has-cyan-bluish-gray-background-color has-text-color has-background\" style=\"flex-basis:66.66%\">\n<p class=\"has-black-color has-text-color\"><\/p>\n\n\n\n<p class=\"has-black-color has-text-color\">M\u00fchendis kadromuz, teknolojik makine parkurumuz ve alan\u0131nda tecr\u00fcbeli personellerimiz ile  kaliteli i\u015f\u00e7ilik ve zaman\u0131nda teslim  prensibini \u00f6n planda tutarak ma\u011faza, otel, restoran, konut ve ticari i\u015fletmelerin \u00f6zel tasar\u0131m metal projelerinde hizmet vermekteyiz.<br><br>Kaplama konusumdaki uzmanl\u0131\u011f\u0131m\u0131z sayesinde projelerinizde kullan\u0131m alan\u0131na g\u00f6re en do\u011fru ham malzemeyi, en do\u011fru kaplama y\u00fczeyi ve y\u00f6ntemiyle birle\u015ftirip tek elden sorunsuz malzeme alman\u0131z\u0131 sa\u011fl\u0131yoruz.<br><br><strong>Makine parkurumuzdaki :<\/strong><br>Lazer Plaka Kesme<br>Lazer Boru Kesme<br>Laser Welding<br>Abant<br>Vargel<br>CNC Lathe<br>CNC Milling<br>Automatic and Manual Polishing Line<br>Zamak Injection<br>Makas<\/p>\n\n\n\n<p><\/p>\n\n\n\n<p><\/p>\n\n\n\n<p><br><em>.&nbsp;<\/em><\/p>\n<\/div>\n\n\n\n<div class=\"wp-container-2 wp-block-column\"><\/div>\n\n\n\n<div class=\"wp-container-3 wp-block-column\"><\/div>\n\n\n\n<div class=\"wp-container-10 wp-block-column has-black-color has-text-color\" style=\"flex-basis:33.33%\">\n<figure class=\"wp-container-5 wp-block-gallery-4 wp-block-gallery has-nested-images columns-default is-cropped\">\n<figure class=\"wp-block-image size-large\"><img loading=\"lazy\" width=\"1024\" height=\"683\" src=\"https:\/\/www.alnometal.com\/wp-content\/uploads\/2022\/09\/polish-wheel_1-1024x683.jpeg\" alt=\"\" class=\"wp-image-2934\" srcset=\"https:\/\/www.alnometal.com\/wp-content\/uploads\/2022\/09\/polish-wheel_1-1024x683.jpeg 1024w, https:\/\/www.alnometal.com\/wp-content\/uploads\/2022\/09\/polish-wheel_1-300x200.jpeg 300w, https:\/\/www.alnometal.com\/wp-content\/uploads\/2022\/09\/polish-wheel_1-768x512.jpeg 768w, https:\/\/www.alnometal.com\/wp-content\/uploads\/2022\/09\/polish-wheel_1.jpeg 1049w\" sizes=\"(max-width: 1024px) 100vw, 1024px\" \/><\/figure>\n<\/figure>\n\n\n\n<hr class=\"wp-block-separator has-alpha-channel-opacity\"\/>\n\n\n\n<figure class=\"wp-container-7 wp-block-gallery-6 wp-block-gallery has-nested-images columns-default is-cropped\">\n<figure class=\"wp-block-image size-large\"><img loading=\"lazy\" width=\"1024\" height=\"731\" src=\"https:\/\/www.alnometal.com\/wp-content\/uploads\/2022\/09\/boru-profil-lazer-kesim-1-1024x731-1.jpeg\" alt=\"\" class=\"wp-image-2935\" srcset=\"https:\/\/www.alnometal.com\/wp-content\/uploads\/2022\/09\/boru-profil-lazer-kesim-1-1024x731-1.jpeg 1024w, https:\/\/www.alnometal.com\/wp-content\/uploads\/2022\/09\/boru-profil-lazer-kesim-1-1024x731-1-300x214.jpeg 300w, https:\/\/www.alnometal.com\/wp-content\/uploads\/2022\/09\/boru-profil-lazer-kesim-1-1024x731-1-768x548.jpeg 768w\" sizes=\"(max-width: 1024px) 100vw, 1024px\" \/><\/figure>\n<\/figure>\n\n\n\n<hr class=\"wp-block-separator has-alpha-channel-opacity\"\/>\n\n\n\n<figure class=\"wp-container-9 wp-block-gallery-8 wp-block-gallery has-nested-images columns-default is-cropped\">\n<figure class=\"wp-block-image size-full\"><img loading=\"lazy\" width=\"530\" height=\"551\" src=\"https:\/\/www.alnometal.com\/wp-content\/uploads\/2022\/09\/Computer-Numerical-Control-Operator-Recruitment-HLH-Group.jpeg\" alt=\"\" class=\"wp-image-2936\" srcset=\"https:\/\/www.alnometal.com\/wp-content\/uploads\/2022\/09\/Computer-Numerical-Control-Operator-Recruitment-HLH-Group.jpeg 530w, https:\/\/www.alnometal.com\/wp-content\/uploads\/2022\/09\/Computer-Numerical-Control-Operator-Recruitment-HLH-Group-289x300.jpeg 289w\" sizes=\"(max-width: 530px) 100vw, 530px\" \/><\/figure>\n<\/figure>\n<\/div>\n<\/div>","protected":false},"excerpt":{"rendered":"M\u00fchendis kadromuz, teknolojik makine parkurumuz ve alan\u0131nda tecr\u00fcbeli personellerimiz ile kaliteli i\u015f\u00e7ilik ve zaman\u0131nda teslim prensibini \u00f6n planda tutarak ma\u011faza, otel, restoran, konut ve ticari i\u015fletmelerin \u00f6zel tasar\u0131m metal projelerinde hizmet vermekteyiz. Kaplama konusumdaki uzmanl\u0131\u011f\u0131m\u0131z sayesinde projelerinizde kullan\u0131m alan\u0131na g\u00f6re en do\u011fru ham malzemeyi, en do\u011fru kaplama y\u00fczeyi ve y\u00f6ntemiyle birle\u015ftirip tek elden sorunsuz malzeme","protected":false},"author":1,"featured_media":0,"parent":0,"menu_order":0,"comment_status":"closed","ping_status":"closed","template":"","meta":{"_monsterinsights_skip_tracking":false,"_monsterinsights_sitenote_active":false,"_monsterinsights_sitenote_note":"","_monsterinsights_sitenote_category":0},"_links":{"self":[{"href":"https:\/\/www.alnometal.com\/en\/wp-json\/wp\/v2\/pages\/1740"}],"collection":[{"href":"https:\/\/www.alnometal.com\/en\/wp-json\/wp\/v2\/pages"}],"about":[{"href":"https:\/\/www.alnometal.com\/en\/wp-json\/wp\/v2\/types\/page"}],"author":[{"embeddable":true,"href":"https:\/\/www.alnometal.com\/en\/wp-json\/wp\/v2\/users\/1"}],"replies":[{"embeddable":true,"href":"https:\/\/www.alnometal.com\/en\/wp-json\/wp\/v2\/comments?post=1740"}],"version-history":[{"count":16,"href":"https:\/\/www.alnometal.com\/en\/wp-json\/wp\/v2\/pages\/1740\/revisions"}],"predecessor-version":[{"id":2945,"href":"https:\/\/www.alnometal.com\/en\/wp-json\/wp\/v2\/pages\/1740\/revisions\/2945"}],"wp:attachment":[{"href":"https:\/\/www.alnometal.com\/en\/wp-json\/wp\/v2\/media?parent=1740"}],"curies":[{"name":"wp","href":"https:\/\/api.w.org\/{rel}","templated":true}]}}