{"id":1819,"date":"2018-07-16T15:45:13","date_gmt":"2018-07-16T12:45:13","guid":{"rendered":"http:\/\/localhost\/dashboard\/wordpress\/?page_id=1819"},"modified":"2018-09-26T11:20:27","modified_gmt":"2018-09-26T08:20:27","slug":"bakir-kaplama","status":"publish","type":"page","link":"https:\/\/www.alnometal.com\/en\/bakir-kaplama\/","title":{"rendered":"Bak\u0131r Kaplama"},"content":{"rendered":"<p>Nikel \u00f6ncesi parlak y\u00fczey sa\u011flar. Yar\u0131 parlaktan parla\u011fa do\u011fru kaplama yap\u0131labilir.\u00a0Yayg\u0131n olarak\u00a0zamak\u00a0\u00fczerinde kullan\u0131l\u0131r. Par\u00e7alar\u0131n\u00a0daha uzun s\u00fcre verimli olarak kullan\u0131mlar\u0131 y\u00fczeylerine uygulanan elektrokimyasal i\u015flemler sayesinde m\u00fcmk\u00fcn olmaktad\u0131r. Elektrolitik olarak elde edilen filmin altl\u0131k y\u00fczeyine iyi yap\u0131\u015fmas\u0131 korozyon direnci a\u00e7\u0131s\u0131ndan \u00e7ok \u00f6nemli oldu\u011fundan ara katman uygulamalar\u0131 s\u0131k\u00e7a kullan\u0131lmaktad\u0131r. Bak\u0131r kaplama hem asidik hem de alkali \u00e7\u00f6zeltilerden m\u00fcmk\u00fcn oldu\u011fundan, farkl\u0131 bile\u015fimdeki \u00e7\u00f6zeltiler kullan\u0131larak\u00a0par\u00e7a\u00a0\u00fczerinde bak\u0131r kaplama filmi elde edilebilir.\u00a0Bak\u0131r kaplaman\u0131n tek ba\u015f\u0131na y\u00fcksek korozyon direnci sa\u011flamamas\u0131na ra\u011fmen\u00a0par\u00e7a\u202fy\u00fczeyine yap\u0131\u015fmas\u0131 y\u00fcksek oldu\u011fundan end\u00fcstriyel uygulamalarda s\u0131k\u00e7a kullan\u0131lmaktad\u0131r.<\/p>\n<p>Temelde ara kat olarak kullan\u0131lan bu kaplama kendinden sonra gelecek filmin yap\u0131\u015fma \u00f6zelli\u011fini geli\u015ftirirken altl\u0131k metale de ekstra bir koruma sa\u011flar.<\/p>\n<p>Bak\u0131r kaplama demir, pirin\u00e7 ve al\u00fcminyum malzemelere yap\u0131labilmektedir.\u00a0Mutfak\u00a0ekipman, otomotiv,\u00a0mobilya,\u00a0elektrik, elektronik\u00a0ve makine\u00a0sekt\u00f6rlerinde kullan\u0131l\u0131r.<\/p>","protected":false},"excerpt":{"rendered":"Nikel \u00f6ncesi parlak y\u00fczey sa\u011flar. Yar\u0131 parlaktan parla\u011fa do\u011fru kaplama yap\u0131labilir.\u00a0Yayg\u0131n olarak\u00a0zamak\u00a0\u00fczerinde kullan\u0131l\u0131r. Par\u00e7alar\u0131n\u00a0daha uzun s\u00fcre verimli olarak kullan\u0131mlar\u0131 y\u00fczeylerine uygulanan elektrokimyasal i\u015flemler sayesinde m\u00fcmk\u00fcn olmaktad\u0131r. Elektrolitik olarak elde edilen filmin altl\u0131k y\u00fczeyine iyi yap\u0131\u015fmas\u0131 korozyon direnci a\u00e7\u0131s\u0131ndan \u00e7ok \u00f6nemli oldu\u011fundan ara katman uygulamalar\u0131 s\u0131k\u00e7a kullan\u0131lmaktad\u0131r. Bak\u0131r kaplama hem asidik hem de alkali \u00e7\u00f6zeltilerden m\u00fcmk\u00fcn","protected":false},"author":1,"featured_media":0,"parent":0,"menu_order":0,"comment_status":"closed","ping_status":"closed","template":"","meta":{"_monsterinsights_skip_tracking":false,"_monsterinsights_sitenote_active":false,"_monsterinsights_sitenote_note":"","_monsterinsights_sitenote_category":0},"_links":{"self":[{"href":"https:\/\/www.alnometal.com\/en\/wp-json\/wp\/v2\/pages\/1819"}],"collection":[{"href":"https:\/\/www.alnometal.com\/en\/wp-json\/wp\/v2\/pages"}],"about":[{"href":"https:\/\/www.alnometal.com\/en\/wp-json\/wp\/v2\/types\/page"}],"author":[{"embeddable":true,"href":"https:\/\/www.alnometal.com\/en\/wp-json\/wp\/v2\/users\/1"}],"replies":[{"embeddable":true,"href":"https:\/\/www.alnometal.com\/en\/wp-json\/wp\/v2\/comments?post=1819"}],"version-history":[{"count":9,"href":"https:\/\/www.alnometal.com\/en\/wp-json\/wp\/v2\/pages\/1819\/revisions"}],"predecessor-version":[{"id":2398,"href":"https:\/\/www.alnometal.com\/en\/wp-json\/wp\/v2\/pages\/1819\/revisions\/2398"}],"wp:attachment":[{"href":"https:\/\/www.alnometal.com\/en\/wp-json\/wp\/v2\/media?parent=1819"}],"curies":[{"name":"wp","href":"https:\/\/api.w.org\/{rel}","templated":true}]}}