{"id":1826,"date":"2018-07-16T15:46:45","date_gmt":"2018-07-16T12:46:45","guid":{"rendered":"http:\/\/localhost\/dashboard\/wordpress\/?page_id=1826"},"modified":"2018-09-26T13:44:53","modified_gmt":"2018-09-26T10:44:53","slug":"saten-krom-mat-krom","status":"publish","type":"page","link":"https:\/\/www.alnometal.com\/en\/saten-krom-mat-krom\/","title":{"rendered":"Saten Krom (Mat Krom)\u00a0"},"content":{"rendered":"<p>[vc_row][vc_column][vc_column_text]\u0130nci g\u00f6r\u00fcn\u00fcml\u00fc dekoratif nikel kaplama \u00fczerine krom kaplama i\u015flemidir. D\u00fczg\u00fcn da\u011f\u0131l\u0131ml\u0131 ve d\u00fczg\u00fcn taneli\u00a0tabakalar\u0131 yapar. Polisaj g\u00f6rm\u00fc\u015f malzemelerde dahi parlakl\u0131\u011f\u0131 yok eder ve mat bir g\u00f6r\u00fcn\u00fcm sunar. Tutulmaya ve \u00e7izilmeye kar\u015f\u0131 diren\u00e7 \u00e7ok y\u00fcksektir. Matla\u015ft\u0131r\u0131c\u0131 oran\u0131 ile oynanarak farkl\u0131 tonlarda saten kaplama hizmeti sa\u011flanabilmektedir.<\/p>\n<ul>\n<li>G\u00f6rsel olarak mat kadifemsidir<\/li>\n<li>Parlak nikel kaplamalara g\u00f6re ince taneli bir yap\u0131ya sahiptir,<\/li>\n<li>Donuk g\u00f6r\u00fcn\u00fcml\u00fc bu kaplamalar\u0131n korozyon dayan\u0131m\u0131 daha iyidir.<\/li>\n<\/ul>\n<p>Banyo aksesuarlar\u0131, ev ve mobilya aksesuarlar\u0131, elektrik anahtarlar\u0131, kap\u0131 kolu ve kilitleri gibi sekt\u00f6rlerde hizmet verilmektedir.<\/p>\n<p>Saten krom\u00a0kaplama \u00e7elik, pirin\u00e7, bak\u0131r,\u00a0zamak\u00a0ve al\u00fcminyum y\u00fczeylerde ba\u015far\u0131yla uygulanabilir.[\/vc_column_text][\/vc_column][\/vc_row][vc_row][vc_column][vc_gallery interval=&#8221;3&#8243; images=&#8221;2359,2200&#8243; title=&#8221;dekoratif kaplama&#8221; el_id=&#8221;krom kaplama&#8221; el_class=&#8221;nikel kaplama&#8221;][\/vc_column][\/vc_row]<\/p>","protected":false},"excerpt":{"rendered":"[vc_row][vc_column][vc_column_text]\u0130nci g\u00f6r\u00fcn\u00fcml\u00fc dekoratif nikel kaplama \u00fczerine krom kaplama i\u015flemidir. D\u00fczg\u00fcn da\u011f\u0131l\u0131ml\u0131 ve d\u00fczg\u00fcn taneli\u00a0tabakalar\u0131 yapar. Polisaj g\u00f6rm\u00fc\u015f malzemelerde dahi parlakl\u0131\u011f\u0131 yok eder ve mat bir g\u00f6r\u00fcn\u00fcm sunar. Tutulmaya ve \u00e7izilmeye kar\u015f\u0131 diren\u00e7 \u00e7ok y\u00fcksektir. Matla\u015ft\u0131r\u0131c\u0131 oran\u0131 ile oynanarak farkl\u0131 tonlarda saten kaplama hizmeti sa\u011flanabilmektedir. G\u00f6rsel olarak mat kadifemsidir Parlak nikel kaplamalara g\u00f6re ince taneli bir","protected":false},"author":1,"featured_media":0,"parent":0,"menu_order":0,"comment_status":"closed","ping_status":"closed","template":"","meta":{"_monsterinsights_skip_tracking":false,"_monsterinsights_sitenote_active":false,"_monsterinsights_sitenote_note":"","_monsterinsights_sitenote_category":0},"_links":{"self":[{"href":"https:\/\/www.alnometal.com\/en\/wp-json\/wp\/v2\/pages\/1826"}],"collection":[{"href":"https:\/\/www.alnometal.com\/en\/wp-json\/wp\/v2\/pages"}],"about":[{"href":"https:\/\/www.alnometal.com\/en\/wp-json\/wp\/v2\/types\/page"}],"author":[{"embeddable":true,"href":"https:\/\/www.alnometal.com\/en\/wp-json\/wp\/v2\/users\/1"}],"replies":[{"embeddable":true,"href":"https:\/\/www.alnometal.com\/en\/wp-json\/wp\/v2\/comments?post=1826"}],"version-history":[{"count":8,"href":"https:\/\/www.alnometal.com\/en\/wp-json\/wp\/v2\/pages\/1826\/revisions"}],"predecessor-version":[{"id":2478,"href":"https:\/\/www.alnometal.com\/en\/wp-json\/wp\/v2\/pages\/1826\/revisions\/2478"}],"wp:attachment":[{"href":"https:\/\/www.alnometal.com\/en\/wp-json\/wp\/v2\/media?parent=1826"}],"curies":[{"name":"wp","href":"https:\/\/api.w.org\/{rel}","templated":true}]}}