{"id":1831,"date":"2018-07-16T15:48:47","date_gmt":"2018-07-16T12:48:47","guid":{"rendered":"http:\/\/localhost\/dashboard\/wordpress\/?page_id=1831"},"modified":"2018-09-26T13:47:09","modified_gmt":"2018-09-26T10:47:09","slug":"satine-nikelsaten-nikel","status":"publish","type":"page","link":"https:\/\/www.alnometal.com\/en\/satine-nikelsaten-nikel\/","title":{"rendered":"Satine\u00a0Nikel(Saten Nikel)"},"content":{"rendered":"<p>\u0130nci g\u00f6r\u00fcn\u00fcml\u00fc dekoratif nikel kaplama i\u015flemidir. D\u00fczg\u00fcn da\u011f\u0131l\u0131ml\u0131 ve d\u00fczg\u00fcn taneli tabakalar\u0131 yapar. Polisaj g\u00f6rm\u00fc\u015f malzemelerde dahi parlakl\u0131\u011f\u0131 yok eder ve mat bir g\u00f6r\u00fcn\u00fcm sunar. Tutulmaya ve \u00e7izilmeye kar\u015f\u0131 diren\u00e7 \u00e7ok y\u00fcksektir. Matla\u015ft\u0131r\u0131c\u0131 oran\u0131 ile oynanarak farkl\u0131 tonlarda saten kaplama hizmeti sa\u011flanabilmektedir.<\/p>\n<ul>\n<li>G\u00f6rsel olarak mat kadifemsidir,<\/li>\n<li>\u0130ste\u011fe ba\u011fl\u0131 olarak \u00fczerine krom kaplama yap\u0131labilir,<\/li>\n<li>Parlak nikel kaplamalara g\u00f6re ince taneli bir yap\u0131ya sahiptir,<\/li>\n<li>Donuk g\u00f6r\u00fcn\u00fcml\u00fc bu kaplamalar\u0131n korozyon dayan\u0131m\u0131 daha iyidir.<\/li>\n<\/ul>\n<p>Banyo aksesuarlar\u0131, ev ve mobilya aksesuarlar\u0131, elektrik anahtarlar\u0131, kap\u0131 kolu ve kilitleri gibi\u00a0sekt\u00f6rlerde\u00a0hizmet verilmektedir.<\/p>\n<p>Satine\u00a0nikel kaplama \u00e7elik, pirin\u00e7, bak\u0131r,\u00a0zamak\u00a0ve al\u00fcminyum y\u00fczeylerde ba\u015far\u0131yla uygulanabilir.<\/p>","protected":false},"excerpt":{"rendered":"\u0130nci g\u00f6r\u00fcn\u00fcml\u00fc dekoratif nikel kaplama i\u015flemidir. D\u00fczg\u00fcn da\u011f\u0131l\u0131ml\u0131 ve d\u00fczg\u00fcn taneli tabakalar\u0131 yapar. Polisaj g\u00f6rm\u00fc\u015f malzemelerde dahi parlakl\u0131\u011f\u0131 yok eder ve mat bir g\u00f6r\u00fcn\u00fcm sunar. Tutulmaya ve \u00e7izilmeye kar\u015f\u0131 diren\u00e7 \u00e7ok y\u00fcksektir. Matla\u015ft\u0131r\u0131c\u0131 oran\u0131 ile oynanarak farkl\u0131 tonlarda saten kaplama hizmeti sa\u011flanabilmektedir. G\u00f6rsel olarak mat kadifemsidir, \u0130ste\u011fe ba\u011fl\u0131 olarak \u00fczerine krom kaplama yap\u0131labilir, Parlak nikel","protected":false},"author":1,"featured_media":0,"parent":0,"menu_order":0,"comment_status":"closed","ping_status":"closed","template":"","meta":{"_monsterinsights_skip_tracking":false,"_monsterinsights_sitenote_active":false,"_monsterinsights_sitenote_note":"","_monsterinsights_sitenote_category":0},"_links":{"self":[{"href":"https:\/\/www.alnometal.com\/en\/wp-json\/wp\/v2\/pages\/1831"}],"collection":[{"href":"https:\/\/www.alnometal.com\/en\/wp-json\/wp\/v2\/pages"}],"about":[{"href":"https:\/\/www.alnometal.com\/en\/wp-json\/wp\/v2\/types\/page"}],"author":[{"embeddable":true,"href":"https:\/\/www.alnometal.com\/en\/wp-json\/wp\/v2\/users\/1"}],"replies":[{"embeddable":true,"href":"https:\/\/www.alnometal.com\/en\/wp-json\/wp\/v2\/comments?post=1831"}],"version-history":[{"count":5,"href":"https:\/\/www.alnometal.com\/en\/wp-json\/wp\/v2\/pages\/1831\/revisions"}],"predecessor-version":[{"id":2480,"href":"https:\/\/www.alnometal.com\/en\/wp-json\/wp\/v2\/pages\/1831\/revisions\/2480"}],"wp:attachment":[{"href":"https:\/\/www.alnometal.com\/en\/wp-json\/wp\/v2\/media?parent=1831"}],"curies":[{"name":"wp","href":"https:\/\/api.w.org\/{rel}","templated":true}]}}