{"id":1833,"date":"2018-07-16T15:49:36","date_gmt":"2018-07-16T12:49:36","guid":{"rendered":"http:\/\/localhost\/dashboard\/wordpress\/?page_id=1833"},"modified":"2018-09-26T11:55:48","modified_gmt":"2018-09-26T08:55:48","slug":"krom-kaplama","status":"publish","type":"page","link":"https:\/\/www.alnometal.com\/en\/krom-kaplama\/","title":{"rendered":"Chrome Plated"},"content":{"rendered":"<p>[vc_row][vc_column][vc_column_text]Krom kaplama tek ba\u015f\u0131na dekoratif olarak kullan\u0131lmaz.\u00a0Korozyon direncini\u00a0art\u0131rd\u0131\u011f\u0131\u00a0i\u00e7in genelde nikel \u00fczerine kaplan\u0131r. Amac\u0131 alt\u0131ndaki kaplamay\u0131 korozyon direncine g\u00f6re\u00a0korumakt\u0131r.\u00a0Uygulamada s\u0131k\u00a0kullan\u0131lan\u00a0 malzemeler\u00a0\u00e7elik,\u00a0zamak,\u00a0al\u00fcminyum, plastik, bak\u0131r ala\u015f\u0131mlar\u0131 ve \u00e7inko ala\u015f\u0131mlar\u0131 bulunur.<\/p>\n<p>Dekoratif krom kaplama korozyona dayan\u0131kl\u0131d\u0131r ve \u00e7o\u011funlukla;<\/p>\n<p>&#8211; Ev Dekorasyon \u00dcr\u00fcnleri<br \/>\n&#8211; Mobilya Ve Banyo Aksesuar\u0131<br \/>\n&#8211; Sandalye Ve Masa<br \/>\n&#8211; Stant Ve Benzeri Yerler<br \/>\n&#8211; Silah Ve Par\u00e7alar\u0131<br \/>\n&#8211; Otomotiv Sekt\u00f6r\u00fc<br \/>\n&#8211; Kemer Ve Ayakkab\u0131 Aksesuar\u0131<br \/>\n&#8211; Yat Ve Tekne Sekt\u00f6r\u00fcnde kullan\u0131l\u0131r.[\/vc_column_text][\/vc_column][\/vc_row][vc_row][vc_column][vc_gallery interval=&#8221;3&#8243; images=&#8221;2359,2200,2198,2144,2142,2138,2136,2133,2131,2132,2130&#8243;][\/vc_column][\/vc_row]<\/p>","protected":false},"excerpt":{"rendered":"[vc_row][vc_column][vc_column_text]Krom kaplama tek ba\u015f\u0131na dekoratif olarak kullan\u0131lmaz.\u00a0Korozyon direncini\u00a0art\u0131rd\u0131\u011f\u0131\u00a0i\u00e7in genelde nikel \u00fczerine kaplan\u0131r. Amac\u0131 alt\u0131ndaki kaplamay\u0131 korozyon direncine g\u00f6re\u00a0korumakt\u0131r.\u00a0Uygulamada s\u0131k\u00a0kullan\u0131lan\u00a0 malzemeler\u00a0\u00e7elik,\u00a0zamak,\u00a0al\u00fcminyum, plastik, bak\u0131r ala\u015f\u0131mlar\u0131 ve \u00e7inko ala\u015f\u0131mlar\u0131 bulunur. Dekoratif krom kaplama korozyona dayan\u0131kl\u0131d\u0131r ve \u00e7o\u011funlukla; &#8211; Ev Dekorasyon \u00dcr\u00fcnleri &#8211; Mobilya Ve Banyo Aksesuar\u0131 &#8211; Sandalye Ve Masa &#8211; Stant Ve Benzeri Yerler &#8211; Silah Ve","protected":false},"author":1,"featured_media":0,"parent":0,"menu_order":0,"comment_status":"closed","ping_status":"closed","template":"","meta":{"_monsterinsights_skip_tracking":false,"_monsterinsights_sitenote_active":false,"_monsterinsights_sitenote_note":"","_monsterinsights_sitenote_category":0},"_links":{"self":[{"href":"https:\/\/www.alnometal.com\/en\/wp-json\/wp\/v2\/pages\/1833"}],"collection":[{"href":"https:\/\/www.alnometal.com\/en\/wp-json\/wp\/v2\/pages"}],"about":[{"href":"https:\/\/www.alnometal.com\/en\/wp-json\/wp\/v2\/types\/page"}],"author":[{"embeddable":true,"href":"https:\/\/www.alnometal.com\/en\/wp-json\/wp\/v2\/users\/1"}],"replies":[{"embeddable":true,"href":"https:\/\/www.alnometal.com\/en\/wp-json\/wp\/v2\/comments?post=1833"}],"version-history":[{"count":10,"href":"https:\/\/www.alnometal.com\/en\/wp-json\/wp\/v2\/pages\/1833\/revisions"}],"predecessor-version":[{"id":2426,"href":"https:\/\/www.alnometal.com\/en\/wp-json\/wp\/v2\/pages\/1833\/revisions\/2426"}],"wp:attachment":[{"href":"https:\/\/www.alnometal.com\/en\/wp-json\/wp\/v2\/media?parent=1833"}],"curies":[{"name":"wp","href":"https:\/\/api.w.org\/{rel}","templated":true}]}}