{"id":1835,"date":"2018-07-16T15:50:12","date_gmt":"2018-07-16T12:50:12","guid":{"rendered":"http:\/\/localhost\/dashboard\/wordpress\/?page_id=1835"},"modified":"2018-09-26T12:31:09","modified_gmt":"2018-09-26T09:31:09","slug":"nikel-kaplama-kromaj","status":"publish","type":"page","link":"https:\/\/www.alnometal.com\/en\/nikel-kaplama-kromaj\/","title":{"rendered":"Nikel Kaplama\u00a0(Kromaj)"},"content":{"rendered":"<p>[vc_row][vc_column][vc_column_text]En yayg\u0131n ad\u0131yla\u00a0kromajd\u0131r. Nikelin muhte\u015fem g\u00f6r\u00fcnt\u00fcs\u00fc, korozyona y\u00fcksek direnci ve kaplama i\u015flemi ile elde edilen kaplama t\u00fcr\u00fcd\u00fcr..\u00a0Nikel cilal\u0131 y\u00fczeyi ile kaplanan maddenin\u00a0sunulabilirli\u011fine\u00a0\u00e7ok \u015fey katmas\u0131 \u00f6zelli\u011fi ile dekoratif korozyona dayan\u0131ks\u0131z bir maddeyi korumak amac\u0131 ile kullan\u0131l\u0131r.<\/p>\n<p>Nikel kaplama \u00e7elik, pirin\u00e7, bak\u0131r,\u00a0zamak\u00a0ve al\u00fcminyum y\u00fczeylerde ba\u015far\u0131yla uygulanabilir.<\/p>\n<p>Elektrik, makine, kal\u0131p,\u00a0ka\u011f\u0131t, savunma, tekstil, g\u0131da\u00a0ve mobilya sanayinde kullan\u0131lan terminaller, klipsler, mente\u015feler vb. \u00fcr\u00fcnlerde hizmet verilmektedir.\u00a0Kaliteli ve y\u00fcksek kapasiteli nikel kaplama konusunda piyasadaki s\u0131k\u0131nt\u0131y\u0131 gidermek i\u00e7in s\u00fcrekli \u00e7al\u0131\u015fmalar yapan firmam\u0131z 2001 senesinden itibaren tam otomatik dolap nikel kaplama tesisiyle y\u00fcksek kalitede s\u00fcreklili\u011fi sa\u011flam\u0131\u015f ve insan hatalar\u0131n\u0131 minimuma indirmeyi ba\u015farm\u0131\u015ft\u0131r. Nikel kaplama i\u00e7in dolap ve ask\u0131 banyolar\u0131m\u0131z mevcuttur.[\/vc_column_text][\/vc_column][\/vc_row][vc_row][vc_column][vc_gallery interval=&#8221;3&#8243; images=&#8221;2359,2200,2198,2144,2143,2137,2138,2133,2131,2130,2132&#8243; title=&#8221;nikel kaplama&#8221; el_id=&#8221;dekoratif kaplama&#8221; el_class=&#8221;krom kaplama&#8221;][\/vc_column][\/vc_row]<\/p>","protected":false},"excerpt":{"rendered":"[vc_row][vc_column][vc_column_text]En yayg\u0131n ad\u0131yla\u00a0kromajd\u0131r. Nikelin muhte\u015fem g\u00f6r\u00fcnt\u00fcs\u00fc, korozyona y\u00fcksek direnci ve kaplama i\u015flemi ile elde edilen kaplama t\u00fcr\u00fcd\u00fcr..\u00a0Nikel cilal\u0131 y\u00fczeyi ile kaplanan maddenin\u00a0sunulabilirli\u011fine\u00a0\u00e7ok \u015fey katmas\u0131 \u00f6zelli\u011fi ile dekoratif korozyona dayan\u0131ks\u0131z bir maddeyi korumak amac\u0131 ile kullan\u0131l\u0131r. Nikel kaplama \u00e7elik, pirin\u00e7, bak\u0131r,\u00a0zamak\u00a0ve al\u00fcminyum y\u00fczeylerde ba\u015far\u0131yla uygulanabilir. Elektrik, makine, kal\u0131p,\u00a0ka\u011f\u0131t, savunma, tekstil, g\u0131da\u00a0ve mobilya sanayinde kullan\u0131lan terminaller, klipsler,","protected":false},"author":1,"featured_media":0,"parent":0,"menu_order":0,"comment_status":"closed","ping_status":"closed","template":"","meta":{"_monsterinsights_skip_tracking":false,"_monsterinsights_sitenote_active":false,"_monsterinsights_sitenote_note":"","_monsterinsights_sitenote_category":0},"_links":{"self":[{"href":"https:\/\/www.alnometal.com\/en\/wp-json\/wp\/v2\/pages\/1835"}],"collection":[{"href":"https:\/\/www.alnometal.com\/en\/wp-json\/wp\/v2\/pages"}],"about":[{"href":"https:\/\/www.alnometal.com\/en\/wp-json\/wp\/v2\/types\/page"}],"author":[{"embeddable":true,"href":"https:\/\/www.alnometal.com\/en\/wp-json\/wp\/v2\/users\/1"}],"replies":[{"embeddable":true,"href":"https:\/\/www.alnometal.com\/en\/wp-json\/wp\/v2\/comments?post=1835"}],"version-history":[{"count":10,"href":"https:\/\/www.alnometal.com\/en\/wp-json\/wp\/v2\/pages\/1835\/revisions"}],"predecessor-version":[{"id":2455,"href":"https:\/\/www.alnometal.com\/en\/wp-json\/wp\/v2\/pages\/1835\/revisions\/2455"}],"wp:attachment":[{"href":"https:\/\/www.alnometal.com\/en\/wp-json\/wp\/v2\/media?parent=1835"}],"curies":[{"name":"wp","href":"https:\/\/api.w.org\/{rel}","templated":true}]}}