{"id":1837,"date":"2018-07-16T15:50:37","date_gmt":"2018-07-16T12:50:37","guid":{"rendered":"http:\/\/localhost\/dashboard\/wordpress\/?page_id=1837"},"modified":"2022-09-09T11:32:21","modified_gmt":"2022-09-09T08:32:21","slug":"aluminyum-profil-uzeri-nikel-kaplama","status":"publish","type":"page","link":"https:\/\/www.alnometal.com\/en\/aluminyum-profil-uzeri-nikel-kaplama\/","title":{"rendered":"Al\u00fcminyum Profil \u00dczerine Nikel Kaplama\u00a0"},"content":{"rendered":"<div class=\"wp-container-8 wp-block-group alignwide\"><div class=\"wp-block-group__inner-container\">\n<div class=\"wp-container-7 wp-block-columns alignwide\">\n<div class=\"wp-container-3 wp-block-column\" style=\"flex-basis:50%\"><div class=\"wp-block-image\">\n<figure class=\"aligncenter is-resized\"><img loading=\"lazy\" src=\"https:\/\/www.alnometal.com\/wp-content\/uploads\/2019\/08\/IMG_1134-300x200_f628ddb89ac445daa8ac6bc18f54d3de.jpg\" alt=\"aluminum nickel plating\" class=\"wp-image-2667\" width=\"306\" height=\"204\"\/><\/figure><\/div>\n\n\n<div class=\"wp-container-2 wp-block-columns\">\n<div class=\"wp-container-1 wp-block-column\"><div class=\"wp-block-image\">\n<figure class=\"aligncenter size-large is-resized\"><img loading=\"lazy\" src=\"https:\/\/www.alnometal.com\/wp-content\/uploads\/2022\/09\/74AFB59A-F057-46A0-9688-1179DF43FD4E-1024x1024.png\" alt=\"aluminum chrome plating\" class=\"wp-image-2918\" width=\"304\" height=\"304\" srcset=\"https:\/\/www.alnometal.com\/wp-content\/uploads\/2022\/09\/74AFB59A-F057-46A0-9688-1179DF43FD4E-1024x1024.png 1024w, https:\/\/www.alnometal.com\/wp-content\/uploads\/2022\/09\/74AFB59A-F057-46A0-9688-1179DF43FD4E-300x300.png 300w, https:\/\/www.alnometal.com\/wp-content\/uploads\/2022\/09\/74AFB59A-F057-46A0-9688-1179DF43FD4E-150x150.png 150w, https:\/\/www.alnometal.com\/wp-content\/uploads\/2022\/09\/74AFB59A-F057-46A0-9688-1179DF43FD4E-768x768.png 768w, https:\/\/www.alnometal.com\/wp-content\/uploads\/2022\/09\/74AFB59A-F057-46A0-9688-1179DF43FD4E.png 1080w\" sizes=\"(max-width: 304px) 100vw, 304px\" \/><\/figure><\/div><\/div>\n<\/div>\n<\/div>\n\n\n\n<div class=\"wp-container-6 wp-block-column\" style=\"flex-basis:50%\">\n<p>Al\u00fcminyum nikel kaplama i\u015flemi \u00fcr\u00fcn\u00fcn&nbsp;estetik g\u00f6r\u00fcn\u00fcm\u00fcn\u00fc iyile\u015ftirmek,&nbsp;korozyon ve a\u015f\u0131nmaya kar\u015f\u0131 direncini artt\u0131rmak i\u00e7in yap\u0131l\u0131r.&nbsp;\u00dcr\u00fcn\u00fcn fiziksel ve kimyasal etkilere kar\u015f\u0131 dayan\u0131mlar\u0131 y\u00fckseltilmektedir. B\u00f6ylece al\u00fcminyum, \u00e7a\u011f\u0131m\u0131z\u0131n ve gelece\u011fin en \u00f6nemli metallerinden birisi olmaktad\u0131r.<\/p>\n\n\n\n<p>Otomatik kaplama tesisimizle al\u00fcminyum \u00fczeri nikel(kromaj) ve&nbsp; demir, pirin\u00e7, bak\u0131r, zamak gibi malzemeler \u00fczerine nikel, satine nikel, krom,saten krom(mat krom) ve bak\u0131r krom kaplamalar\u0131 m\u00fc\u015fterilerimize sunuyoruz.<\/p>\n\n\n\n<p>Kesit \u015fekli, kare veya dikd\u00f6rtgen gibi basit bir geometriden, karma\u015f\u0131k \u015fekilli i\u00e7i bo\u015f profillere kadar say\u0131s\u0131z alternatifte&nbsp;al\u00fcminyum&nbsp;profil&nbsp;\u00e7e\u015fitlili\u011fi vard\u0131r. Kesit \u015fekli ve \u00f6l\u00e7\u00fclerindeki bu\u202f \u00e7ok \u00e7e\u015fitlik sayesindedir ki, al\u00fcminyum&nbsp;ekstr\u00fczyon&nbsp;\u00fcr\u00fcnleri, \u00e7ok \u00e7e\u015fitli uygulamalar i\u00e7in&nbsp;dizayn edilebilirler.<\/p>\n\n\n\n<p><\/p>\n\n\n\n<p>Al\u00fcminyum\u00a0ekstr\u00fczyon\u00a0\u00fcr\u00fcnleri, son derece geni\u015f ve \u00e7e\u015fitli uygulama alanlar\u0131na sahiptir. Asans\u00f6r, merdiven ve teras korkuluklar\u0131, ayd\u0131nlatma, dekorasyon, ev e\u015fyalar\u0131, otomotiv beyaz e\u015fyalar gibi g\u00fcnl\u00fck hayat\u0131m\u0131z\u0131n her an\u0131nda kullan\u0131l\u0131r.<\/p>\n\n\n\n<figure class=\"wp-container-5 wp-block-gallery-4 wp-block-gallery has-nested-images columns-default is-cropped\"><\/figure>\n<\/div>\n<\/div>\n<\/div><\/div>","protected":false},"excerpt":{"rendered":"Al\u00fcminyum nikel kaplama i\u015flemi \u00fcr\u00fcn\u00fcn&nbsp;estetik g\u00f6r\u00fcn\u00fcm\u00fcn\u00fc iyile\u015ftirmek,&nbsp;korozyon ve a\u015f\u0131nmaya kar\u015f\u0131 direncini artt\u0131rmak i\u00e7in yap\u0131l\u0131r.&nbsp;\u00dcr\u00fcn\u00fcn fiziksel ve kimyasal etkilere kar\u015f\u0131 dayan\u0131mlar\u0131 y\u00fckseltilmektedir. B\u00f6ylece al\u00fcminyum, \u00e7a\u011f\u0131m\u0131z\u0131n ve gelece\u011fin en \u00f6nemli metallerinden birisi olmaktad\u0131r. Otomatik kaplama tesisimizle al\u00fcminyum \u00fczeri nikel(kromaj) ve&nbsp; demir, pirin\u00e7, bak\u0131r, zamak gibi malzemeler \u00fczerine nikel, satine nikel, krom,saten krom(mat krom) ve bak\u0131r krom kaplamalar\u0131","protected":false},"author":1,"featured_media":0,"parent":0,"menu_order":0,"comment_status":"closed","ping_status":"closed","template":"","meta":{"_monsterinsights_skip_tracking":false,"_monsterinsights_sitenote_active":false,"_monsterinsights_sitenote_note":"","_monsterinsights_sitenote_category":0},"_links":{"self":[{"href":"https:\/\/www.alnometal.com\/en\/wp-json\/wp\/v2\/pages\/1837"}],"collection":[{"href":"https:\/\/www.alnometal.com\/en\/wp-json\/wp\/v2\/pages"}],"about":[{"href":"https:\/\/www.alnometal.com\/en\/wp-json\/wp\/v2\/types\/page"}],"author":[{"embeddable":true,"href":"https:\/\/www.alnometal.com\/en\/wp-json\/wp\/v2\/users\/1"}],"replies":[{"embeddable":true,"href":"https:\/\/www.alnometal.com\/en\/wp-json\/wp\/v2\/comments?post=1837"}],"version-history":[{"count":41,"href":"https:\/\/www.alnometal.com\/en\/wp-json\/wp\/v2\/pages\/1837\/revisions"}],"predecessor-version":[{"id":2930,"href":"https:\/\/www.alnometal.com\/en\/wp-json\/wp\/v2\/pages\/1837\/revisions\/2930"}],"wp:attachment":[{"href":"https:\/\/www.alnometal.com\/en\/wp-json\/wp\/v2\/media?parent=1837"}],"curies":[{"name":"wp","href":"https:\/\/api.w.org\/{rel}","templated":true}]}}