{"id":3255,"date":"2022-10-11T14:30:51","date_gmt":"2022-10-11T11:30:51","guid":{"rendered":"https:\/\/www.alnometal.com\/?page_id=3255"},"modified":"2024-01-25T14:07:21","modified_gmt":"2024-01-25T11:07:21","slug":"uretim","status":"publish","type":"page","link":"https:\/\/www.alnometal.com\/en\/uretim\/","title":{"rendered":"Metal Fabrication"},"content":{"rendered":"<div data-elementor-type=\"wp-page\" data-elementor-id=\"3255\" class=\"elementor elementor-3255\">\n\t\t\t\t\t\t\t\t\t<section class=\"elementor-section elementor-top-section elementor-element elementor-element-f783c77 elementor-section-boxed elementor-section-height-default elementor-section-height-default wpr-particle-no wpr-jarallax-no wpr-parallax-no wpr-sticky-section-no\" data-id=\"f783c77\" data-element_type=\"section\">\n\t\t\t\t\t\t<div class=\"elementor-container elementor-column-gap-default\">\n\t\t\t\t\t<div class=\"elementor-column elementor-col-33 elementor-top-column elementor-element elementor-element-d3005e6\" data-id=\"d3005e6\" data-element_type=\"column\">\n\t\t\t<div class=\"elementor-widget-wrap elementor-element-populated\">\n\t\t\t\t\t\t\t\t<div class=\"elementor-element elementor-element-7ff0caf elementor-widget elementor-widget-heading\" data-id=\"7ff0caf\" data-element_type=\"widget\" data-widget_type=\"heading.default\">\n\t\t\t\t<div class=\"elementor-widget-container\">\n\t\t\t<style>\/*! elementor - v3.7.6 - 15-09-2022 *\/\n.elementor-heading-title{padding:0;margin:0;line-height:1}.elementor-widget-heading .elementor-heading-title[class*=elementor-size-]>a{color:inherit;font-size:inherit;line-height:inherit}.elementor-widget-heading .elementor-heading-title.elementor-size-small{font-size:15px}.elementor-widget-heading .elementor-heading-title.elementor-size-medium{font-size:19px}.elementor-widget-heading .elementor-heading-title.elementor-size-large{font-size:29px}.elementor-widget-heading .elementor-heading-title.elementor-size-xl{font-size:39px}.elementor-widget-heading .elementor-heading-title.elementor-size-xxl{font-size:59px}<\/style><h2 class=\"elementor-heading-title elementor-size-default\">Production<\/h2>\t\t<\/div>\n\t\t\t\t<\/div>\n\t\t\t\t<div class=\"elementor-element elementor-element-28aa920 premium-nav-ver premium-vertical-right premium-nav-none premium-ham-dropdown elementor-widget elementor-widget-premium-nav-menu\" data-id=\"28aa920\" data-element_type=\"widget\" data-settings=\"{&quot;submenu_icon&quot;:{&quot;value&quot;:&quot;fas fa-angle-down&quot;,&quot;library&quot;:&quot;fa-solid&quot;}}\" data-widget_type=\"premium-nav-menu.default\">\n\t\t\t\t<div class=\"elementor-widget-container\">\n\t\t\t\t\t\t<div data-settings=\"{&quot;breakpoint&quot;:767,&quot;mobileLayout&quot;:&quot;dropdown&quot;,&quot;mainLayout&quot;:&quot;ver&quot;,&quot;stretchDropdown&quot;:false,&quot;hoverEffect&quot;:&quot;&quot;}\" class=\"elementor-invisible premium-nav-widget-container premium-nav-pointer-none\">\n\t\t\t\t<div class=\"premium-ver-inner-container\">\n\t\t\t\t\t<a class=\"premium-hamburger-toggle premium-mobile-menu-icon\" href=\"javascript:void(0)\">\n\t\t\t\t\t\t<span class=\"premium-toggle-text\">\n\t\t\t\t\t\t\t<i aria-hidden=\"true\" class=\"fas fa-bars\"><\/i>Menu\t\t\t\t\t\t<\/span>\n\t\t\t\t\t\t<span class=\"premium-toggle-close\">\n\t\t\t\t\t\t\t<i aria-hidden=\"true\" class=\"fas fa-times\"><\/i>Close\t\t\t\t\t\t<\/span>\n\t\t\t\t\t<\/a>\n\t\t\t\t\t<div class=\"premium-nav-menu-container premium-nav-default\"><ul id=\"menu-side-menu-uretim\" class=\"premium-nav-menu premium-main-nav-menu\"><li id=\"premium-nav-menu-item-3271\" class=\"menu-item menu-item-type-post_type menu-item-object-page premium-nav-menu-item\"><a href=\"https:\/\/www.alnometal.com\/en\/sac-isleme-2\/\" class=\"premium-menu-link premium-menu-link-parent\">Sheet Metal Processing<\/a><\/li>\n<li id=\"premium-nav-menu-item-3286\" class=\"menu-item menu-item-type-post_type menu-item-object-page premium-nav-menu-item\"><a href=\"https:\/\/www.alnometal.com\/en\/talasli-imalat-2\/\" class=\"premium-menu-link premium-menu-link-parent\">Machining<\/a><\/li>\n<li id=\"premium-nav-menu-item-3277\" class=\"menu-item menu-item-type-post_type menu-item-object-page premium-nav-menu-item\"><a href=\"https:\/\/www.alnometal.com\/en\/diger-proseseler-2\/\" class=\"premium-menu-link premium-menu-link-parent\">Other Processes<\/a><\/li>\n<\/ul><\/div><div class=\"premium-mobile-menu-container\"><ul id=\"menu-side-menu-uretim-1\" class=\"premium-mobile-menu premium-main-mobile-menu premium-main-nav-menu\"><li class=\"menu-item menu-item-type-post_type menu-item-object-page premium-nav-menu-item\"><a href=\"https:\/\/www.alnometal.com\/en\/sac-isleme-2\/\" class=\"premium-menu-link premium-menu-link-parent\">Sheet Metal Processing<\/a><\/li>\n<li class=\"menu-item menu-item-type-post_type menu-item-object-page premium-nav-menu-item\"><a href=\"https:\/\/www.alnometal.com\/en\/talasli-imalat-2\/\" class=\"premium-menu-link premium-menu-link-parent\">Machining<\/a><\/li>\n<li class=\"menu-item menu-item-type-post_type menu-item-object-page premium-nav-menu-item\"><a href=\"https:\/\/www.alnometal.com\/en\/diger-proseseler-2\/\" class=\"premium-menu-link premium-menu-link-parent\">Other Processes<\/a><\/li>\n<\/ul><\/div>\t\t\t\t<\/div>\n\t\t\t<\/div>\n\t\t\t\t<\/div>\n\t\t\t\t<\/div>\n\t\t\t\t\t<\/div>\n\t\t<\/div>\n\t\t\t\t<div class=\"elementor-column elementor-col-66 elementor-top-column elementor-element elementor-element-e12f056\" data-id=\"e12f056\" data-element_type=\"column\">\n\t\t\t<div class=\"elementor-widget-wrap\">\n\t\t\t\t\t\t\t\t\t<\/div>\n\t\t<\/div>\n\t\t\t\t\t\t\t<\/div>\n\t\t<\/section>\n\t\t\t\t\t\t\t<\/div>","protected":false},"excerpt":{"rendered":"\u00dcretim Menu Close &gt; Sac \u0130\u015fleme &gt; Tala\u015fl\u0131 \u0130malat &gt; Di\u011fer Proseseler &gt; Sac \u0130\u015fleme &gt; Tala\u015fl\u0131 \u0130malat &gt; Di\u011fer Proseseler","protected":false},"author":1,"featured_media":0,"parent":0,"menu_order":0,"comment_status":"closed","ping_status":"closed","template":"","meta":{"_monsterinsights_skip_tracking":false,"_monsterinsights_sitenote_active":false,"_monsterinsights_sitenote_note":"","_monsterinsights_sitenote_category":0},"_links":{"self":[{"href":"https:\/\/www.alnometal.com\/en\/wp-json\/wp\/v2\/pages\/3255"}],"collection":[{"href":"https:\/\/www.alnometal.com\/en\/wp-json\/wp\/v2\/pages"}],"about":[{"href":"https:\/\/www.alnometal.com\/en\/wp-json\/wp\/v2\/types\/page"}],"author":[{"embeddable":true,"href":"https:\/\/www.alnometal.com\/en\/wp-json\/wp\/v2\/users\/1"}],"replies":[{"embeddable":true,"href":"https:\/\/www.alnometal.com\/en\/wp-json\/wp\/v2\/comments?post=3255"}],"version-history":[{"count":8,"href":"https:\/\/www.alnometal.com\/en\/wp-json\/wp\/v2\/pages\/3255\/revisions"}],"predecessor-version":[{"id":3541,"href":"https:\/\/www.alnometal.com\/en\/wp-json\/wp\/v2\/pages\/3255\/revisions\/3541"}],"wp:attachment":[{"href":"https:\/\/www.alnometal.com\/en\/wp-json\/wp\/v2\/media?parent=3255"}],"curies":[{"name":"wp","href":"https:\/\/api.w.org\/{rel}","templated":true}]}}